{"id":1033,"date":"2024-10-17T20:47:01","date_gmt":"2024-10-17T20:47:01","guid":{"rendered":"https:\/\/nellystour.com\/?page_id=1033"},"modified":"2024-10-19T00:17:11","modified_gmt":"2024-10-19T00:17:11","slug":"ney-york","status":"publish","type":"page","link":"https:\/\/nellystour.com\/es\/ney-york\/","title":{"rendered":"Ney York"},"content":{"rendered":"<div data-elementor-type=\"wp-page\" data-elementor-id=\"1033\" class=\"elementor elementor-1033\">\n\t\t\t\t\t\t<section class=\"elementor-section elementor-top-section elementor-element elementor-element-1e04045 elementor-section-boxed elementor-section-height-default elementor-section-height-default\" data-id=\"1e04045\" data-element_type=\"section\" data-settings=\"{&quot;background_background&quot;:&quot;classic&quot;}\">\n\t\t\t\t\t\t\t<div class=\"elementor-background-overlay\"><\/div>\n\t\t\t\t\t\t\t<div class=\"elementor-container elementor-column-gap-no\">\n\t\t\t\t\t<div class=\"elementor-column elementor-col-100 elementor-top-column elementor-element elementor-element-bbbd438\" data-id=\"bbbd438\" data-element_type=\"column\">\n\t\t\t<div class=\"elementor-widget-wrap elementor-element-populated\">\n\t\t\t\t\t\t<div class=\"elementor-element elementor-element-6cd514e elementor-widget elementor-widget-heading\" data-id=\"6cd514e\" data-element_type=\"widget\" data-widget_type=\"heading.default\">\n\t\t\t\t<div class=\"elementor-widget-container\">\n\t\t\t\t\t<h1 class=\"elementor-heading-title elementor-size-default\">Nueva York<\/h1>\t\t\t\t<\/div>\n\t\t\t\t<\/div>\n\t\t\t\t\t<\/div>\n\t\t<\/div>\n\t\t\t\t\t<\/div>\n\t\t<\/section>\n\t\t\t\t<section class=\"elementor-section elementor-top-section elementor-element elementor-element-60c1c9e elementor-section-boxed elementor-section-height-default elementor-section-height-default\" data-id=\"60c1c9e\" data-element_type=\"section\">\n\t\t\t\t\t\t<div class=\"elementor-container elementor-column-gap-no\">\n\t\t\t\t\t<div class=\"elementor-column elementor-col-50 elementor-top-column elementor-element elementor-element-3f1dadf\" data-id=\"3f1dadf\" data-element_type=\"column\" data-settings=\"{&quot;background_background&quot;:&quot;classic&quot;}\">\n\t\t\t<div class=\"elementor-widget-wrap elementor-element-populated\">\n\t\t\t\t\t\t<div class=\"elementor-element elementor-element-1126aa2 elementor-widget elementor-widget-text-editor\" data-id=\"1126aa2\" data-element_type=\"widget\" data-widget_type=\"text-editor.default\">\n\t\t\t\t<div class=\"elementor-widget-container\">\n\t\t\t\t\t\t\t\t\t<p>La ciudad de Nueva York, la ciudad que nunca duerme, es una metr\u00f3polis en constante movimiento llena de infinitas oportunidades para explorar. Desde los imponentes rascacielos de Manhattan hasta los tranquilos senderos de Central Park, Nueva York ofrece una combinaci\u00f3n \u00fanica de emoci\u00f3n urbana y tranquilidad. Visite monumentos de renombre mundial como la Estatua de la Libertad, el Empire State Building y Times Square, donde la energ\u00eda de la ciudad es palpable. Ya sea que est\u00e9 viendo un espect\u00e1culo de Broadway, haciendo compras en la Quinta Avenida o paseando por diversos barrios como SoHo y Greenwich Village, siempre hay algo nuevo para descubrir.<\/p><p>Pero Nueva York es mucho m\u00e1s que sus famosos monumentos: es un crisol cultural con influencias de todo el mundo. Experimente un viaje culinario a trav\u00e9s de sus innumerables restaurantes, que ofrecen desde la cl\u00e1sica pizza neoyorquina hasta restaurantes de lujo con estrellas Michelin. La escena muse\u00edstica de la ciudad no tiene parang\u00f3n, con instituciones como el Museo Metropolitano de Arte y el Museo de Arte Moderno que albergan algunas de las obras de arte m\u00e1s importantes del mundo. Con sus infinitas opciones de entretenimiento, culturas diversas y una vitalidad ininterrumpida, Nueva York es realmente un destino donde los sue\u00f1os se hacen realidad.<\/p>\t\t\t\t\t\t\t\t<\/div>\n\t\t\t\t<\/div>\n\t\t\t\t\t<\/div>\n\t\t<\/div>\n\t\t\t\t<div class=\"elementor-column elementor-col-50 elementor-top-column elementor-element elementor-element-a17852a\" data-id=\"a17852a\" data-element_type=\"column\" data-settings=\"{&quot;background_background&quot;:&quot;classic&quot;}\">\n\t\t\t<div class=\"elementor-widget-wrap elementor-element-populated\">\n\t\t\t\t\t\t<div class=\"elementor-element elementor-element-fdc554c elementor-widget__width-auto elementor-widget elementor-widget-image\" data-id=\"fdc554c\" data-element_type=\"widget\" data-widget_type=\"image.default\">\n\t\t\t\t<div class=\"elementor-widget-container\">\n\t\t\t\t\t\t\t\t\t\t\t\t\t\t\t<img fetchpriority=\"high\" decoding=\"async\" width=\"800\" height=\"533\" src=\"https:\/\/nellystour.com\/wp-content\/uploads\/2024\/10\/new-york-1.jpg\" class=\"elementor-animation-bob attachment-large size-large wp-image-1035\" alt=\"\" srcset=\"https:\/\/nellystour.com\/wp-content\/uploads\/2024\/10\/new-york-1.jpg 800w, https:\/\/nellystour.com\/wp-content\/uploads\/2024\/10\/new-york-1-600x400.jpg 600w, https:\/\/nellystour.com\/wp-content\/uploads\/2024\/10\/new-york-1-300x200.jpg 300w, https:\/\/nellystour.com\/wp-content\/uploads\/2024\/10\/new-york-1-768x512.jpg 768w\" sizes=\"(max-width: 800px) 100vw, 800px\" \/>\t\t\t\t\t\t\t\t\t\t\t\t\t\t\t<\/div>\n\t\t\t\t<\/div>\n\t\t\t\t<div class=\"elementor-element elementor-element-672f5cf elementor-widget-divider--view-line elementor-widget elementor-widget-divider\" data-id=\"672f5cf\" data-element_type=\"widget\" data-widget_type=\"divider.default\">\n\t\t\t\t<div class=\"elementor-widget-container\">\n\t\t\t\t\t\t\t<div class=\"elementor-divider\">\n\t\t\t<span class=\"elementor-divider-separator\">\n\t\t\t\t\t\t<\/span>\n\t\t<\/div>\n\t\t\t\t\t\t<\/div>\n\t\t\t\t<\/div>\n\t\t\t\t\t<\/div>\n\t\t<\/div>\n\t\t\t\t\t<\/div>\n\t\t<\/section>\n\t\t<div class=\"elementor-element elementor-element-85421d2 e-flex e-con-boxed e-con e-parent\" data-id=\"85421d2\" data-element_type=\"container\" data-settings=\"{&quot;background_background&quot;:&quot;classic&quot;}\">\n\t\t\t\t\t<div class=\"e-con-inner\">\n\t\t<div class=\"elementor-element elementor-element-8ccc2cc e-con-full e-flex e-con e-child\" data-id=\"8ccc2cc\" data-element_type=\"container\">\n\t\t\t\t<div class=\"elementor-element elementor-element-a777f64 elementor-widget elementor-widget-heading\" data-id=\"a777f64\" data-element_type=\"widget\" data-widget_type=\"heading.default\">\n\t\t\t\t<div class=\"elementor-widget-container\">\n\t\t\t\t\t<h2 class=\"elementor-heading-title elementor-size-default\">\u00a1P\u00f3ngase en contacto hoy mismo!<\/h2>\t\t\t\t<\/div>\n\t\t\t\t<\/div>\n\t\t\t\t<div class=\"elementor-element elementor-element-abde729 elementor-widget elementor-widget-heading\" data-id=\"abde729\" data-element_type=\"widget\" data-widget_type=\"heading.default\">\n\t\t\t\t<div class=\"elementor-widget-container\">\n\t\t\t\t\t<h3 class=\"elementor-heading-title elementor-size-default\">Estamos aqu\u00ed para crear la escapada perfecta para usted.<\/h3>\t\t\t\t<\/div>\n\t\t\t\t<\/div>\n\t\t\t\t<\/div>\n\t\t<div class=\"elementor-element elementor-element-6c1b968 e-con-full e-flex e-con e-child\" data-id=\"6c1b968\" data-element_type=\"container\">\n\t\t\t\t<div class=\"elementor-element elementor-element-57c8f23 elementor-align-center elementor-widget elementor-widget-button\" data-id=\"57c8f23\" data-element_type=\"widget\" data-widget_type=\"button.default\">\n\t\t\t\t<div class=\"elementor-widget-container\">\n\t\t\t\t\t\t\t\t\t<div class=\"elementor-button-wrapper\">\n\t\t\t\t\t<a class=\"elementor-button elementor-button-link elementor-size-sm\" href=\"https:\/\/nellystour.com\/es\/contact-us\/\">\n\t\t\t\t\t\t<span class=\"elementor-button-content-wrapper\">\n\t\t\t\t\t\t\t\t\t<span class=\"elementor-button-text\">Descubre M\u00e1s \u2192<\/span>\n\t\t\t\t\t<\/span>\n\t\t\t\t\t<\/a>\n\t\t\t\t<\/div>\n\t\t\t\t\t\t\t\t<\/div>\n\t\t\t\t<\/div>\n\t\t\t\t<\/div>\n\t\t\t\t\t<\/div>\n\t\t\t\t<\/div>\n\t\t\t\t<\/div>","protected":false},"excerpt":{"rendered":"<p>New York New York City, the city that never sleeps, is an ever-bustling metropolis filled with endless opportunities for exploration. From the towering skyscrapers of Manhattan to the peaceful paths of Central Park, New York offers a unique blend of urban excitement and quiet retreat. Visit world-renowned landmarks like the Statue of Liberty, Empire State [&hellip;]<\/p>","protected":false},"author":1,"featured_media":0,"parent":0,"menu_order":0,"comment_status":"closed","ping_status":"closed","template":"","meta":{"site-sidebar-layout":"no-sidebar","site-content-layout":"page-builder","ast-site-content-layout":"","site-content-style":"default","site-sidebar-style":"default","ast-global-header-display":"","ast-banner-title-visibility":"","ast-main-header-display":"","ast-hfb-above-header-display":"","ast-hfb-below-header-display":"","ast-hfb-mobile-header-display":"","site-post-title":"disabled","ast-breadcrumbs-content":"","ast-featured-img":"disabled","footer-sml-layout":"","theme-transparent-header-meta":"enabled","adv-header-id-meta":"","stick-header-meta":"","header-above-stick-meta":"","header-main-stick-meta":"","header-below-stick-meta":"","astra-migrate-meta-layouts":"default","ast-page-background-enabled":"default","ast-page-background-meta":{"desktop":{"background-color":"","background-image":"","background-repeat":"repeat","background-position":"center center","background-size":"auto","background-attachment":"scroll","background-type":"","background-media":"","overlay-type":"","overlay-color":"","overlay-opacity":"","overlay-gradient":""},"tablet":{"background-color":"","background-image":"","background-repeat":"repeat","background-position":"center center","background-size":"auto","background-attachment":"scroll","background-type":"","background-media":"","overlay-type":"","overlay-color":"","overlay-opacity":"","overlay-gradient":""},"mobile":{"background-color":"","background-image":"","background-repeat":"repeat","background-position":"center center","background-size":"auto","background-attachment":"scroll","background-type":"","background-media":"","overlay-type":"","overlay-color":"","overlay-opacity":"","overlay-gradient":""}},"ast-content-background-meta":{"desktop":{"background-color":"var(--ast-global-color-5)","background-image":"","background-repeat":"repeat","background-position":"center center","background-size":"auto","background-attachment":"scroll","background-type":"","background-media":"","overlay-type":"","overlay-color":"","overlay-opacity":"","overlay-gradient":""},"tablet":{"background-color":"var(--ast-global-color-5)","background-image":"","background-repeat":"repeat","background-position":"center center","background-size":"auto","background-attachment":"scroll","background-type":"","background-media":"","overlay-type":"","overlay-color":"","overlay-opacity":"","overlay-gradient":""},"mobile":{"background-color":"var(--ast-global-color-5)","background-image":"","background-repeat":"repeat","background-position":"center center","background-size":"auto","background-attachment":"scroll","background-type":"","background-media":"","overlay-type":"","overlay-color":"","overlay-opacity":"","overlay-gradient":""}},"footnotes":""},"class_list":["post-1033","page","type-page","status-publish","hentry"],"aioseo_notices":[],"_links":{"self":[{"href":"https:\/\/nellystour.com\/es\/wp-json\/wp\/v2\/pages\/1033"}],"collection":[{"href":"https:\/\/nellystour.com\/es\/wp-json\/wp\/v2\/pages"}],"about":[{"href":"https:\/\/nellystour.com\/es\/wp-json\/wp\/v2\/types\/page"}],"author":[{"embeddable":true,"href":"https:\/\/nellystour.com\/es\/wp-json\/wp\/v2\/users\/1"}],"replies":[{"embeddable":true,"href":"https:\/\/nellystour.com\/es\/wp-json\/wp\/v2\/comments?post=1033"}],"version-history":[{"count":43,"href":"https:\/\/nellystour.com\/es\/wp-json\/wp\/v2\/pages\/1033\/revisions"}],"predecessor-version":[{"id":1499,"href":"https:\/\/nellystour.com\/es\/wp-json\/wp\/v2\/pages\/1033\/revisions\/1499"}],"wp:attachment":[{"href":"https:\/\/nellystour.com\/es\/wp-json\/wp\/v2\/media?parent=1033"}],"curies":[{"name":"wp","href":"https:\/\/api.w.org\/{rel}","templated":true}]}}