{"id":1099,"date":"2024-10-17T21:39:11","date_gmt":"2024-10-17T21:39:11","guid":{"rendered":"https:\/\/nellystour.com\/?page_id=1099"},"modified":"2024-10-19T00:01:02","modified_gmt":"2024-10-19T00:01:02","slug":"chicago","status":"publish","type":"page","link":"https:\/\/nellystour.com\/es\/chicago\/","title":{"rendered":"Chicago"},"content":{"rendered":"<div data-elementor-type=\"wp-page\" data-elementor-id=\"1099\" class=\"elementor elementor-1099\">\n\t\t\t\t\t\t<section class=\"elementor-section elementor-top-section elementor-element elementor-element-1e04045 elementor-section-boxed elementor-section-height-default elementor-section-height-default\" data-id=\"1e04045\" data-element_type=\"section\" data-settings=\"{&quot;background_background&quot;:&quot;classic&quot;}\">\n\t\t\t\t\t\t\t<div class=\"elementor-background-overlay\"><\/div>\n\t\t\t\t\t\t\t<div class=\"elementor-container elementor-column-gap-no\">\n\t\t\t\t\t<div class=\"elementor-column elementor-col-100 elementor-top-column elementor-element elementor-element-bbbd438\" data-id=\"bbbd438\" data-element_type=\"column\">\n\t\t\t<div class=\"elementor-widget-wrap elementor-element-populated\">\n\t\t\t\t\t\t<div class=\"elementor-element elementor-element-6cd514e elementor-widget elementor-widget-heading\" data-id=\"6cd514e\" data-element_type=\"widget\" data-widget_type=\"heading.default\">\n\t\t\t\t<div class=\"elementor-widget-container\">\n\t\t\t\t\t<h1 class=\"elementor-heading-title elementor-size-default\">Chicago<\/h1>\t\t\t\t<\/div>\n\t\t\t\t<\/div>\n\t\t\t\t\t<\/div>\n\t\t<\/div>\n\t\t\t\t\t<\/div>\n\t\t<\/section>\n\t\t\t\t<section class=\"elementor-section elementor-top-section elementor-element elementor-element-60c1c9e elementor-section-boxed elementor-section-height-default elementor-section-height-default\" data-id=\"60c1c9e\" data-element_type=\"section\">\n\t\t\t\t\t\t<div class=\"elementor-container elementor-column-gap-no\">\n\t\t\t\t\t<div class=\"elementor-column elementor-col-50 elementor-top-column elementor-element elementor-element-3f1dadf\" data-id=\"3f1dadf\" data-element_type=\"column\" data-settings=\"{&quot;background_background&quot;:&quot;classic&quot;}\">\n\t\t\t<div class=\"elementor-widget-wrap elementor-element-populated\">\n\t\t\t\t\t\t<div class=\"elementor-element elementor-element-1126aa2 elementor-widget elementor-widget-text-editor\" data-id=\"1126aa2\" data-element_type=\"widget\" data-widget_type=\"text-editor.default\">\n\t\t\t\t<div class=\"elementor-widget-container\">\n\t\t\t\t\t\t\t\t\t<p>Chicago es una metr\u00f3polis vibrante que combina a la perfecci\u00f3n la innovaci\u00f3n moderna con una rica historia cultural. Conocida por su ic\u00f3nico horizonte dominado por la Torre Willis y el John Hancock Center, esta ciudad ofrece un tesoro de maravillas arquitect\u00f3nicas. Ya sea que est\u00e9 paseando por el Chicago Riverwalk o haciendo un recorrido en barco por el coraz\u00f3n de la ciudad, se sorprender\u00e1 con la belleza y el dise\u00f1o de sus edificios. No se pierda el famoso Art Institute of Chicago, que alberga obras maestras de todo el mundo, o el Millennium Park, hogar de la famosa escultura Cloud Gate (The Bean), donde se re\u00fanen tanto los lugare\u00f1os como los turistas.<\/p><p>El encanto de Chicago se extiende m\u00e1s all\u00e1 de sus monumentos arquitect\u00f3nicos. La ciudad cuenta con una pr\u00f3spera escena culinaria, que ofrece de todo, desde la mundialmente famosa pizza de masa gruesa hasta restaurantes de lujo con estrellas Michelin. Puedes explorar barrios animados como Wicker Park y Logan Square, llenos de boutiques de moda, caf\u00e9s y salas de m\u00fasica. En verano, rel\u00e1jate a orillas del lago Michigan o asiste a un partido de b\u00e9isbol en el Wrigley Field. Sin importar la temporada, Chicago ofrece algo para cada viajero.<\/p>\t\t\t\t\t\t\t\t<\/div>\n\t\t\t\t<\/div>\n\t\t\t\t\t<\/div>\n\t\t<\/div>\n\t\t\t\t<div class=\"elementor-column elementor-col-50 elementor-top-column elementor-element elementor-element-a17852a\" data-id=\"a17852a\" data-element_type=\"column\" data-settings=\"{&quot;background_background&quot;:&quot;classic&quot;}\">\n\t\t\t<div class=\"elementor-widget-wrap elementor-element-populated\">\n\t\t\t\t\t\t<div class=\"elementor-element elementor-element-fdc554c elementor-widget__width-auto e-transform elementor-widget elementor-widget-image\" data-id=\"fdc554c\" data-element_type=\"widget\" data-settings=\"{&quot;_transform_translateX_effect&quot;:{&quot;unit&quot;:&quot;px&quot;,&quot;size&quot;:-28,&quot;sizes&quot;:[]},&quot;_transform_translateY_effect&quot;:{&quot;unit&quot;:&quot;px&quot;,&quot;size&quot;:0,&quot;sizes&quot;:[]},&quot;_transform_translateX_effect_tablet&quot;:{&quot;unit&quot;:&quot;px&quot;,&quot;size&quot;:0,&quot;sizes&quot;:[]},&quot;_transform_translateX_effect_mobile&quot;:{&quot;unit&quot;:&quot;px&quot;,&quot;size&quot;:&quot;&quot;,&quot;sizes&quot;:[]},&quot;_transform_translateY_effect_tablet&quot;:{&quot;unit&quot;:&quot;px&quot;,&quot;size&quot;:&quot;&quot;,&quot;sizes&quot;:[]},&quot;_transform_translateY_effect_mobile&quot;:{&quot;unit&quot;:&quot;px&quot;,&quot;size&quot;:&quot;&quot;,&quot;sizes&quot;:[]}}\" data-widget_type=\"image.default\">\n\t\t\t\t<div class=\"elementor-widget-container\">\n\t\t\t\t\t\t\t\t\t\t\t\t\t\t\t<img fetchpriority=\"high\" decoding=\"async\" width=\"800\" height=\"533\" src=\"https:\/\/nellystour.com\/wp-content\/uploads\/2024\/10\/chicago-5.jpg\" class=\"elementor-animation-bob attachment-full size-full wp-image-1101\" alt=\"\" srcset=\"https:\/\/nellystour.com\/wp-content\/uploads\/2024\/10\/chicago-5.jpg 800w, https:\/\/nellystour.com\/wp-content\/uploads\/2024\/10\/chicago-5-600x400.jpg 600w, https:\/\/nellystour.com\/wp-content\/uploads\/2024\/10\/chicago-5-300x200.jpg 300w, https:\/\/nellystour.com\/wp-content\/uploads\/2024\/10\/chicago-5-768x512.jpg 768w\" sizes=\"(max-width: 800px) 100vw, 800px\" \/>\t\t\t\t\t\t\t\t\t\t\t\t\t\t\t<\/div>\n\t\t\t\t<\/div>\n\t\t\t\t<div class=\"elementor-element elementor-element-672f5cf elementor-widget-divider--view-line elementor-widget elementor-widget-divider\" data-id=\"672f5cf\" data-element_type=\"widget\" data-widget_type=\"divider.default\">\n\t\t\t\t<div class=\"elementor-widget-container\">\n\t\t\t\t\t\t\t<div class=\"elementor-divider\">\n\t\t\t<span class=\"elementor-divider-separator\">\n\t\t\t\t\t\t<\/span>\n\t\t<\/div>\n\t\t\t\t\t\t<\/div>\n\t\t\t\t<\/div>\n\t\t\t\t\t<\/div>\n\t\t<\/div>\n\t\t\t\t\t<\/div>\n\t\t<\/section>\n\t\t<div class=\"elementor-element elementor-element-85421d2 e-flex e-con-boxed e-con e-parent\" data-id=\"85421d2\" data-element_type=\"container\" data-settings=\"{&quot;background_background&quot;:&quot;classic&quot;}\">\n\t\t\t\t\t<div class=\"e-con-inner\">\n\t\t<div class=\"elementor-element elementor-element-8ccc2cc e-con-full e-flex e-con e-child\" data-id=\"8ccc2cc\" data-element_type=\"container\">\n\t\t\t\t<div class=\"elementor-element elementor-element-a777f64 elementor-widget elementor-widget-heading\" data-id=\"a777f64\" data-element_type=\"widget\" data-widget_type=\"heading.default\">\n\t\t\t\t<div class=\"elementor-widget-container\">\n\t\t\t\t\t<h2 class=\"elementor-heading-title elementor-size-default\">\u00a1P\u00f3ngase en contacto hoy mismo!<\/h2>\t\t\t\t<\/div>\n\t\t\t\t<\/div>\n\t\t\t\t<div class=\"elementor-element elementor-element-abde729 elementor-widget elementor-widget-heading\" data-id=\"abde729\" data-element_type=\"widget\" data-widget_type=\"heading.default\">\n\t\t\t\t<div class=\"elementor-widget-container\">\n\t\t\t\t\t<h3 class=\"elementor-heading-title elementor-size-default\">Estamos aqu\u00ed para crear la escapada perfecta para usted.<\/h3>\t\t\t\t<\/div>\n\t\t\t\t<\/div>\n\t\t\t\t<\/div>\n\t\t<div class=\"elementor-element elementor-element-6c1b968 e-con-full e-flex e-con e-child\" data-id=\"6c1b968\" data-element_type=\"container\">\n\t\t\t\t<div class=\"elementor-element elementor-element-57c8f23 elementor-align-center elementor-widget elementor-widget-button\" data-id=\"57c8f23\" data-element_type=\"widget\" data-widget_type=\"button.default\">\n\t\t\t\t<div class=\"elementor-widget-container\">\n\t\t\t\t\t\t\t\t\t<div class=\"elementor-button-wrapper\">\n\t\t\t\t\t<a class=\"elementor-button elementor-button-link elementor-size-sm\" href=\"https:\/\/nellystour.com\/es\/contact-us\/\">\n\t\t\t\t\t\t<span class=\"elementor-button-content-wrapper\">\n\t\t\t\t\t\t\t\t\t<span class=\"elementor-button-text\">CONTACT US \u2192<\/span>\n\t\t\t\t\t<\/span>\n\t\t\t\t\t<\/a>\n\t\t\t\t<\/div>\n\t\t\t\t\t\t\t\t<\/div>\n\t\t\t\t<\/div>\n\t\t\t\t<\/div>\n\t\t\t\t\t<\/div>\n\t\t\t\t<\/div>\n\t\t\t\t<\/div>","protected":false},"excerpt":{"rendered":"<p>Chicago Chicago is a vibrant metropolis that perfectly blends modern innovation with rich cultural history. Known for its iconic skyline dominated by the Willis Tower and John Hancock Center, this city offers a treasure trove of architectural wonders. Whether you\u2019re strolling along the Chicago Riverwalk or taking a boat tour through the heart of the [&hellip;]<\/p>","protected":false},"author":1,"featured_media":0,"parent":0,"menu_order":0,"comment_status":"closed","ping_status":"closed","template":"","meta":{"site-sidebar-layout":"no-sidebar","site-content-layout":"page-builder","ast-site-content-layout":"","site-content-style":"default","site-sidebar-style":"default","ast-global-header-display":"","ast-banner-title-visibility":"","ast-main-header-display":"","ast-hfb-above-header-display":"","ast-hfb-below-header-display":"","ast-hfb-mobile-header-display":"","site-post-title":"disabled","ast-breadcrumbs-content":"","ast-featured-img":"disabled","footer-sml-layout":"","theme-transparent-header-meta":"enabled","adv-header-id-meta":"","stick-header-meta":"","header-above-stick-meta":"","header-main-stick-meta":"","header-below-stick-meta":"","astra-migrate-meta-layouts":"default","ast-page-background-enabled":"default","ast-page-background-meta":{"desktop":{"background-color":"","background-image":"","background-repeat":"repeat","background-position":"center center","background-size":"auto","background-attachment":"scroll","background-type":"","background-media":"","overlay-type":"","overlay-color":"","overlay-opacity":"","overlay-gradient":""},"tablet":{"background-color":"","background-image":"","background-repeat":"repeat","background-position":"center center","background-size":"auto","background-attachment":"scroll","background-type":"","background-media":"","overlay-type":"","overlay-color":"","overlay-opacity":"","overlay-gradient":""},"mobile":{"background-color":"","background-image":"","background-repeat":"repeat","background-position":"center center","background-size":"auto","background-attachment":"scroll","background-type":"","background-media":"","overlay-type":"","overlay-color":"","overlay-opacity":"","overlay-gradient":""}},"ast-content-background-meta":{"desktop":{"background-color":"var(--ast-global-color-5)","background-image":"","background-repeat":"repeat","background-position":"center center","background-size":"auto","background-attachment":"scroll","background-type":"","background-media":"","overlay-type":"","overlay-color":"","overlay-opacity":"","overlay-gradient":""},"tablet":{"background-color":"var(--ast-global-color-5)","background-image":"","background-repeat":"repeat","background-position":"center center","background-size":"auto","background-attachment":"scroll","background-type":"","background-media":"","overlay-type":"","overlay-color":"","overlay-opacity":"","overlay-gradient":""},"mobile":{"background-color":"var(--ast-global-color-5)","background-image":"","background-repeat":"repeat","background-position":"center center","background-size":"auto","background-attachment":"scroll","background-type":"","background-media":"","overlay-type":"","overlay-color":"","overlay-opacity":"","overlay-gradient":""}},"footnotes":""},"class_list":["post-1099","page","type-page","status-publish","hentry"],"aioseo_notices":[],"_links":{"self":[{"href":"https:\/\/nellystour.com\/es\/wp-json\/wp\/v2\/pages\/1099"}],"collection":[{"href":"https:\/\/nellystour.com\/es\/wp-json\/wp\/v2\/pages"}],"about":[{"href":"https:\/\/nellystour.com\/es\/wp-json\/wp\/v2\/types\/page"}],"author":[{"embeddable":true,"href":"https:\/\/nellystour.com\/es\/wp-json\/wp\/v2\/users\/1"}],"replies":[{"embeddable":true,"href":"https:\/\/nellystour.com\/es\/wp-json\/wp\/v2\/comments?post=1099"}],"version-history":[{"count":28,"href":"https:\/\/nellystour.com\/es\/wp-json\/wp\/v2\/pages\/1099\/revisions"}],"predecessor-version":[{"id":1478,"href":"https:\/\/nellystour.com\/es\/wp-json\/wp\/v2\/pages\/1099\/revisions\/1478"}],"wp:attachment":[{"href":"https:\/\/nellystour.com\/es\/wp-json\/wp\/v2\/media?parent=1099"}],"curies":[{"name":"wp","href":"https:\/\/api.w.org\/{rel}","templated":true}]}}