{"id":1154,"date":"2024-10-17T23:01:49","date_gmt":"2024-10-17T23:01:49","guid":{"rendered":"https:\/\/nellystour.com\/?page_id=1154"},"modified":"2024-10-19T00:35:42","modified_gmt":"2024-10-19T00:35:42","slug":"privacy-policies","status":"publish","type":"page","link":"https:\/\/nellystour.com\/es\/privacy-policies\/","title":{"rendered":"Pol\u00edticas de privacidad"},"content":{"rendered":"<div data-elementor-type=\"wp-page\" data-elementor-id=\"1154\" class=\"elementor elementor-1154\">\n\t\t\t\t<div class=\"elementor-element elementor-element-32bc527 e-flex e-con-boxed e-con e-parent\" data-id=\"32bc527\" data-element_type=\"container\" data-settings=\"{&quot;background_background&quot;:&quot;classic&quot;}\">\n\t\t\t\t\t<div class=\"e-con-inner\">\n\t\t<div class=\"elementor-element elementor-element-917206b e-con-full e-flex e-con e-child\" data-id=\"917206b\" data-element_type=\"container\">\n\t\t\t\t<div class=\"elementor-element elementor-element-78704db elementor-widget elementor-widget-heading\" data-id=\"78704db\" data-element_type=\"widget\" data-widget_type=\"heading.default\">\n\t\t\t\t<div class=\"elementor-widget-container\">\n\t\t\t\t\t<h2 class=\"elementor-heading-title elementor-size-default\">Pol\u00edticas de privacidad<\/h2>\t\t\t\t<\/div>\n\t\t\t\t<\/div>\n\t\t\t\t<\/div>\n\t\t\t\t\t<\/div>\n\t\t\t\t<\/div>\n\t\t<div class=\"elementor-element elementor-element-033be17 e-flex e-con-boxed e-con e-parent\" data-id=\"033be17\" data-element_type=\"container\" data-settings=\"{&quot;background_background&quot;:&quot;classic&quot;}\">\n\t\t\t\t\t<div class=\"e-con-inner\">\n\t\t<div class=\"elementor-element elementor-element-0836ae7 e-con-full e-flex e-con e-child\" data-id=\"0836ae7\" data-element_type=\"container\">\n\t\t\t\t<div class=\"elementor-element elementor-element-0482517 elementor-widget elementor-widget-text-editor\" data-id=\"0482517\" data-element_type=\"widget\" data-widget_type=\"text-editor.default\">\n\t\t\t\t<div class=\"elementor-widget-container\">\n\t\t\t\t\t\t\t\t\t<p>A continuaci\u00f3n\u00a0<strong>NELLYS TOUR<\/strong>\u00a0indica claramente el uso que se har\u00e1 de los datos facilitados.<\/p><p>Los datos personales proporcionados son debidos a la relaci\u00f3n comercial desarrollada por la solicitud de reserva o cotizaci\u00f3n de boletos a\u00e9reos, hoteles, paquetes tur\u00edsticos, autos y cruceros, entre otros. Dicha informaci\u00f3n est\u00e1 siendo proporcionada expresamente por usted como usuario a trav\u00e9s del presente formulario y requiere de su autorizaci\u00f3n para continuar procesando dicha informaci\u00f3n para las siguientes finalidades:<\/p><ul><li>Lograr una comunicaci\u00f3n eficiente relacionada con nuestros productos, servicios, ofertas, promociones, alianzas, concursos, contenidos y dem\u00e1s actividades y as\u00ed facilitar el acceso general a su informaci\u00f3n.<br \/><br \/>\u2022 Evaluar la calidad de nuestros productos y servicios a trav\u00e9s de encuestas de satisfacci\u00f3n y realizar estudios sobre h\u00e1bitos de consumo, preferencia, inter\u00e9s de compra, prueba de producto, concepto, evaluaci\u00f3n del servicio, satisfacci\u00f3n y otros relacionados con nuestros servicios.<br \/>\u2022 Realizar actividades de mercadeo, promoci\u00f3n, publicidad, facturaci\u00f3n, cobranza, recaudo, mejoras del servicio, consultas, verificaciones, control, habilitaci\u00f3n de medios de pago, prevenci\u00f3n de fraude as\u00ed como cualquier otra actividad relacionada con nuestros servicios y ofertas actuales y futuras para el cumplimiento de las obligaciones contractuales y nuestro objeto social, a trav\u00e9s de cualquier medio de manera directa.<\/li><li>Enviar informaci\u00f3n sobre los destinos y planes solicitados a partir de la comunicaci\u00f3n con nuestro call center o agencias, a trav\u00e9s de nuestros n\u00fameros telef\u00f3nicos nacionales y portales web.<br \/>\u2022 Brindar asistencia con nuestros servicios a trav\u00e9s de nuestro Departamento de Atenci\u00f3n al Cliente.<br \/>\u2022 Realizar las gestiones necesarias para dar cumplimiento a las obligaciones inherentes a los servicios contratados con\u00a0<strong>NELLYS TOUR<\/strong><br \/>\u2022 Facilitar la correcta ejecuci\u00f3n de las compras y prestaci\u00f3n de los servicios contratados. Recordamos que el uso de datos personales es \u00fanicamente para uso de\u00a0<strong>NELLYS TOUR<\/strong><\/li><li>\u2022 Controlar y prevenir el fraude en todas sus modalidades.<\/li><\/ul><p>Al aceptar los t\u00e9rminos y condiciones establecidos a continuaci\u00f3n, usted acepta entonces el uso de sus datos personales para los puntos ya indicados.<\/p>\t\t\t\t\t\t\t\t<\/div>\n\t\t\t\t<\/div>\n\t\t\t\t<\/div>\n\t\t\t\t\t<\/div>\n\t\t\t\t<\/div>\n\t\t\t\t<\/div>","protected":false},"excerpt":{"rendered":"<p>Privacy Policies Below\u00a0NELLYS TOUR\u00a0clearly states the use that will be made of the data provided. The personal data provided is due to the commercial relationship developed by the reservation request or quote for air tickets, hotels, tourist packages, cars and cruises, among others. Said information is being expressly provided by you as a user through [&hellip;]<\/p>","protected":false},"author":1,"featured_media":0,"parent":0,"menu_order":0,"comment_status":"closed","ping_status":"closed","template":"","meta":{"site-sidebar-layout":"no-sidebar","site-content-layout":"page-builder","ast-site-content-layout":"","site-content-style":"default","site-sidebar-style":"default","ast-global-header-display":"","ast-banner-title-visibility":"","ast-main-header-display":"","ast-hfb-above-header-display":"","ast-hfb-below-header-display":"","ast-hfb-mobile-header-display":"","site-post-title":"disabled","ast-breadcrumbs-content":"","ast-featured-img":"disabled","footer-sml-layout":"","theme-transparent-header-meta":"enabled","adv-header-id-meta":"","stick-header-meta":"","header-above-stick-meta":"","header-main-stick-meta":"","header-below-stick-meta":"","astra-migrate-meta-layouts":"default","ast-page-background-enabled":"default","ast-page-background-meta":{"desktop":{"background-color":"","background-image":"","background-repeat":"repeat","background-position":"center center","background-size":"auto","background-attachment":"scroll","background-type":"","background-media":"","overlay-type":"","overlay-color":"","overlay-opacity":"","overlay-gradient":""},"tablet":{"background-color":"","background-image":"","background-repeat":"repeat","background-position":"center center","background-size":"auto","background-attachment":"scroll","background-type":"","background-media":"","overlay-type":"","overlay-color":"","overlay-opacity":"","overlay-gradient":""},"mobile":{"background-color":"","background-image":"","background-repeat":"repeat","background-position":"center center","background-size":"auto","background-attachment":"scroll","background-type":"","background-media":"","overlay-type":"","overlay-color":"","overlay-opacity":"","overlay-gradient":""}},"ast-content-background-meta":{"desktop":{"background-color":"var(--ast-global-color-5)","background-image":"","background-repeat":"repeat","background-position":"center center","background-size":"auto","background-attachment":"scroll","background-type":"","background-media":"","overlay-type":"","overlay-color":"","overlay-opacity":"","overlay-gradient":""},"tablet":{"background-color":"var(--ast-global-color-5)","background-image":"","background-repeat":"repeat","background-position":"center center","background-size":"auto","background-attachment":"scroll","background-type":"","background-media":"","overlay-type":"","overlay-color":"","overlay-opacity":"","overlay-gradient":""},"mobile":{"background-color":"var(--ast-global-color-5)","background-image":"","background-repeat":"repeat","background-position":"center center","background-size":"auto","background-attachment":"scroll","background-type":"","background-media":"","overlay-type":"","overlay-color":"","overlay-opacity":"","overlay-gradient":""}},"footnotes":""},"class_list":["post-1154","page","type-page","status-publish","hentry"],"aioseo_notices":[],"_links":{"self":[{"href":"https:\/\/nellystour.com\/es\/wp-json\/wp\/v2\/pages\/1154"}],"collection":[{"href":"https:\/\/nellystour.com\/es\/wp-json\/wp\/v2\/pages"}],"about":[{"href":"https:\/\/nellystour.com\/es\/wp-json\/wp\/v2\/types\/page"}],"author":[{"embeddable":true,"href":"https:\/\/nellystour.com\/es\/wp-json\/wp\/v2\/users\/1"}],"replies":[{"embeddable":true,"href":"https:\/\/nellystour.com\/es\/wp-json\/wp\/v2\/comments?post=1154"}],"version-history":[{"count":10,"href":"https:\/\/nellystour.com\/es\/wp-json\/wp\/v2\/pages\/1154\/revisions"}],"predecessor-version":[{"id":1514,"href":"https:\/\/nellystour.com\/es\/wp-json\/wp\/v2\/pages\/1154\/revisions\/1514"}],"wp:attachment":[{"href":"https:\/\/nellystour.com\/es\/wp-json\/wp\/v2\/media?parent=1154"}],"curies":[{"name":"wp","href":"https:\/\/api.w.org\/{rel}","templated":true}]}}