{"id":1529,"date":"2025-05-01T18:09:14","date_gmt":"2025-05-01T18:09:14","guid":{"rendered":"https:\/\/nellystour.com\/?post_type=product&#038;p=1529"},"modified":"2025-05-06T00:38:59","modified_gmt":"2025-05-06T00:38:59","slug":"new-orleans","status":"publish","type":"product","link":"https:\/\/nellystour.com\/es\/producto\/new-orleans\/","title":{"rendered":"Nueva Orleans"},"content":{"rendered":"<h2 class=\"elementor-heading-title elementor-size-default\">What do we include?<\/h2>\n<p>&nbsp;<\/p>\n<ul>\n<li style=\"list-style-type: none;\">\n<ul class=\"elementor-icon-list-items\">\n<li class=\"elementor-icon-list-item\"><span class=\"elementor-icon-list-text\">Traslados entre aeropuertos y hoteles.<\/span><\/li>\n<li class=\"elementor-icon-list-item\"><span class=\"elementor-icon-list-text\">Plan de alimentaci\u00f3n seg\u00fan el hotel seleccionado.<\/span><\/li>\n<li class=\"elementor-icon-list-item\"><span class=\"elementor-icon-list-text\">4 noches de alojamiento en el hotel seleccionado.<\/span><\/li>\n<li>Tour Gastron\u00f3mico<\/li>\n<li class=\"elementor-icon-list-item\">Impuestos y tasas aeroportuarias.<\/li>\n<\/ul>\n<\/li>\n<\/ul>","protected":false},"excerpt":{"rendered":"<p>Nueva Orleans, una ciudad llena de alma, ritmo y siglos de historia, ofrece una experiencia sin igual. Desde los vibrantes sonidos del jazz que inundan las calles hasta los coloridos balcones del Barrio Franc\u00e9s, Nueva Orleans es un fest\u00edn para los sentidos. Pasee por Jackson Square, visite la hist\u00f3rica Catedral de San Luis o s\u00fabase a un barco de vapor para navegar por el poderoso r\u00edo Misisipi. El ambiente festivo de la ciudad est\u00e1 vivo todo el a\u00f1o, pero es especialmente electrizante durante el Mardi Gras, cuando los desfiles, los disfraces y las celebraciones llenan las calles.<\/p>","protected":false},"featured_media":1545,"comment_status":"open","ping_status":"closed","template":"","meta":{"site-sidebar-layout":"default","site-content-layout":"","ast-site-content-layout":"default","site-content-style":"default","site-sidebar-style":"default","ast-global-header-display":"","ast-banner-title-visibility":"","ast-main-header-display":"","ast-hfb-above-header-display":"","ast-hfb-below-header-display":"","ast-hfb-mobile-header-display":"","site-post-title":"","ast-breadcrumbs-content":"","ast-featured-img":"","footer-sml-layout":"","theme-transparent-header-meta":"default","adv-header-id-meta":"","stick-header-meta":"","header-above-stick-meta":"","header-main-stick-meta":"","header-below-stick-meta":"","astra-migrate-meta-layouts":"set","ast-page-background-enabled":"default","ast-page-background-meta":{"desktop":{"background-color":"","background-image":"","background-repeat":"repeat","background-position":"center center","background-size":"auto","background-attachment":"scroll","background-type":"","background-media":"","overlay-type":"","overlay-color":"","overlay-opacity":"","overlay-gradient":""},"tablet":{"background-color":"","background-image":"","background-repeat":"repeat","background-position":"center center","background-size":"auto","background-attachment":"scroll","background-type":"","background-media":"","overlay-type":"","overlay-color":"","overlay-opacity":"","overlay-gradient":""},"mobile":{"background-color":"","background-image":"","background-repeat":"repeat","background-position":"center center","background-size":"auto","background-attachment":"scroll","background-type":"","background-media":"","overlay-type":"","overlay-color":"","overlay-opacity":"","overlay-gradient":""}},"ast-content-background-meta":{"desktop":{"background-color":"var(--ast-global-color-5)","background-image":"","background-repeat":"repeat","background-position":"center center","background-size":"auto","background-attachment":"scroll","background-type":"","background-media":"","overlay-type":"","overlay-color":"","overlay-opacity":"","overlay-gradient":""},"tablet":{"background-color":"var(--ast-global-color-5)","background-image":"","background-repeat":"repeat","background-position":"center center","background-size":"auto","background-attachment":"scroll","background-type":"","background-media":"","overlay-type":"","overlay-color":"","overlay-opacity":"","overlay-gradient":""},"mobile":{"background-color":"var(--ast-global-color-5)","background-image":"","background-repeat":"repeat","background-position":"center center","background-size":"auto","background-attachment":"scroll","background-type":"","background-media":"","overlay-type":"","overlay-color":"","overlay-opacity":"","overlay-gradient":""}}},"product_brand":[],"product_cat":[25],"product_tag":[],"class_list":{"0":"post-1529","1":"product","2":"type-product","3":"status-publish","4":"has-post-thumbnail","6":"product_cat-usa","7":"desktop-align-left","8":"tablet-align-left","9":"mobile-align-left","11":"first","12":"instock","13":"shipping-taxable","14":"purchasable","15":"product-type-simple"},"aioseo_notices":[],"_links":{"self":[{"href":"https:\/\/nellystour.com\/es\/wp-json\/wp\/v2\/product\/1529"}],"collection":[{"href":"https:\/\/nellystour.com\/es\/wp-json\/wp\/v2\/product"}],"about":[{"href":"https:\/\/nellystour.com\/es\/wp-json\/wp\/v2\/types\/product"}],"replies":[{"embeddable":true,"href":"https:\/\/nellystour.com\/es\/wp-json\/wp\/v2\/comments?post=1529"}],"wp:featuredmedia":[{"embeddable":true,"href":"https:\/\/nellystour.com\/es\/wp-json\/wp\/v2\/media\/1545"}],"wp:attachment":[{"href":"https:\/\/nellystour.com\/es\/wp-json\/wp\/v2\/media?parent=1529"}],"wp:term":[{"taxonomy":"product_brand","embeddable":true,"href":"https:\/\/nellystour.com\/es\/wp-json\/wp\/v2\/product_brand?post=1529"},{"taxonomy":"product_cat","embeddable":true,"href":"https:\/\/nellystour.com\/es\/wp-json\/wp\/v2\/product_cat?post=1529"},{"taxonomy":"product_tag","embeddable":true,"href":"https:\/\/nellystour.com\/es\/wp-json\/wp\/v2\/product_tag?post=1529"}],"curies":[{"name":"wp","href":"https:\/\/api.w.org\/{rel}","templated":true}]}}