{"id":1533,"date":"2025-05-01T18:09:14","date_gmt":"2025-05-01T18:09:14","guid":{"rendered":"https:\/\/nellystour.com\/?post_type=product&#038;p=1533"},"modified":"2025-05-06T00:39:43","modified_gmt":"2025-05-06T00:39:43","slug":"charleston","status":"publish","type":"product","link":"https:\/\/nellystour.com\/es\/producto\/charleston\/","title":{"rendered":"Charleston"},"content":{"rendered":"<h2 class=\"elementor-heading-title elementor-size-default\">What do we include?<\/h2>\n<p>&nbsp;<\/p>\n<ul>\n<li style=\"list-style-type: none;\">\n<ul class=\"elementor-icon-list-items\">\n<li class=\"elementor-icon-list-item\"><span class=\"elementor-icon-list-text\">Traslados entre aeropuertos y hoteles.<\/span><\/li>\n<li class=\"elementor-icon-list-item\"><span class=\"elementor-icon-list-text\">3 noches de alojamiento en el hotel seleccionado.<\/span><\/li>\n<li class=\"elementor-icon-list-item\">Entrada a Fort Sumter y visita autoguiada con ferry de ida y vuelta.<\/li>\n<li class=\"elementor-icon-list-item\">Impuestos y tasas aeroportuarias.<\/li>\n<\/ul>\n<\/li>\n<\/ul>","protected":false},"excerpt":{"rendered":"<p>Charleston, Carolina del Sur, es una encantadora ciudad sure\u00f1a conocida por su historia bien conservada y su elegante belleza. Mientras caminas por las calles adoquinadas bordeadas de casas de colores pastel, te sentir\u00e1s como si hubieras retrocedido en el tiempo. Explora plantaciones hist\u00f3ricas, pasea por el pintoresco Waterfront Park o visita Fort Sumter, donde se dispararon los primeros tiros de la Guerra Civil. El rico pasado de la ciudad est\u00e1 entretejido en cada rinc\u00f3n, ofreciendo una sensaci\u00f3n de tranquilidad y elegancia que es dif\u00edcil de encontrar en otro lugar.<\/p>","protected":false},"featured_media":1559,"comment_status":"open","ping_status":"closed","template":"","meta":{"site-sidebar-layout":"default","site-content-layout":"","ast-site-content-layout":"default","site-content-style":"default","site-sidebar-style":"default","ast-global-header-display":"","ast-banner-title-visibility":"","ast-main-header-display":"","ast-hfb-above-header-display":"","ast-hfb-below-header-display":"","ast-hfb-mobile-header-display":"","site-post-title":"","ast-breadcrumbs-content":"","ast-featured-img":"","footer-sml-layout":"","theme-transparent-header-meta":"default","adv-header-id-meta":"","stick-header-meta":"","header-above-stick-meta":"","header-main-stick-meta":"","header-below-stick-meta":"","astra-migrate-meta-layouts":"set","ast-page-background-enabled":"default","ast-page-background-meta":{"desktop":{"background-color":"","background-image":"","background-repeat":"repeat","background-position":"center center","background-size":"auto","background-attachment":"scroll","background-type":"","background-media":"","overlay-type":"","overlay-color":"","overlay-opacity":"","overlay-gradient":""},"tablet":{"background-color":"","background-image":"","background-repeat":"repeat","background-position":"center center","background-size":"auto","background-attachment":"scroll","background-type":"","background-media":"","overlay-type":"","overlay-color":"","overlay-opacity":"","overlay-gradient":""},"mobile":{"background-color":"","background-image":"","background-repeat":"repeat","background-position":"center center","background-size":"auto","background-attachment":"scroll","background-type":"","background-media":"","overlay-type":"","overlay-color":"","overlay-opacity":"","overlay-gradient":""}},"ast-content-background-meta":{"desktop":{"background-color":"var(--ast-global-color-5)","background-image":"","background-repeat":"repeat","background-position":"center center","background-size":"auto","background-attachment":"scroll","background-type":"","background-media":"","overlay-type":"","overlay-color":"","overlay-opacity":"","overlay-gradient":""},"tablet":{"background-color":"var(--ast-global-color-5)","background-image":"","background-repeat":"repeat","background-position":"center center","background-size":"auto","background-attachment":"scroll","background-type":"","background-media":"","overlay-type":"","overlay-color":"","overlay-opacity":"","overlay-gradient":""},"mobile":{"background-color":"var(--ast-global-color-5)","background-image":"","background-repeat":"repeat","background-position":"center center","background-size":"auto","background-attachment":"scroll","background-type":"","background-media":"","overlay-type":"","overlay-color":"","overlay-opacity":"","overlay-gradient":""}}},"product_brand":[],"product_cat":[25],"product_tag":[],"class_list":{"0":"post-1533","1":"product","2":"type-product","3":"status-publish","4":"has-post-thumbnail","6":"product_cat-usa","7":"desktop-align-left","8":"tablet-align-left","9":"mobile-align-left","11":"first","12":"instock","13":"shipping-taxable","14":"purchasable","15":"product-type-simple"},"aioseo_notices":[],"_links":{"self":[{"href":"https:\/\/nellystour.com\/es\/wp-json\/wp\/v2\/product\/1533"}],"collection":[{"href":"https:\/\/nellystour.com\/es\/wp-json\/wp\/v2\/product"}],"about":[{"href":"https:\/\/nellystour.com\/es\/wp-json\/wp\/v2\/types\/product"}],"replies":[{"embeddable":true,"href":"https:\/\/nellystour.com\/es\/wp-json\/wp\/v2\/comments?post=1533"}],"wp:featuredmedia":[{"embeddable":true,"href":"https:\/\/nellystour.com\/es\/wp-json\/wp\/v2\/media\/1559"}],"wp:attachment":[{"href":"https:\/\/nellystour.com\/es\/wp-json\/wp\/v2\/media?parent=1533"}],"wp:term":[{"taxonomy":"product_brand","embeddable":true,"href":"https:\/\/nellystour.com\/es\/wp-json\/wp\/v2\/product_brand?post=1533"},{"taxonomy":"product_cat","embeddable":true,"href":"https:\/\/nellystour.com\/es\/wp-json\/wp\/v2\/product_cat?post=1533"},{"taxonomy":"product_tag","embeddable":true,"href":"https:\/\/nellystour.com\/es\/wp-json\/wp\/v2\/product_tag?post=1533"}],"curies":[{"name":"wp","href":"https:\/\/api.w.org\/{rel}","templated":true}]}}